{"id":2220,"date":"2023-04-15T13:44:40","date_gmt":"2023-04-15T13:44:40","guid":{"rendered":"https:\/\/www.mallnukke.ee\/cv\/"},"modified":"2025-04-29T12:33:46","modified_gmt":"2025-04-29T12:33:46","slug":"cv","status":"publish","type":"page","link":"https:\/\/mallnukke.ee\/en\/cv\/","title":{"rendered":"CV"},"content":{"rendered":"<p>[et_pb_section fb_built=&#8221;1&#8243; custom_padding_last_edited=&#8221;on|desktop&#8221; admin_label=&#8221;section&#8221; _builder_version=&#8221;4.20.4&#8243; custom_margin=&#8221;0px||0px||false|false&#8221; custom_padding=&#8221;60px||60px||false|false&#8221; custom_padding_tablet=&#8221;15px||30px||false|false&#8221; custom_padding_phone=&#8221;15px||30px||false|false&#8221; global_colors_info=&#8221;{}&#8221;][et_pb_row admin_label=&#8221;row&#8221; _builder_version=&#8221;4.20.4&#8243; background_size=&#8221;initial&#8221; background_position=&#8221;top_left&#8221; background_repeat=&#8221;repeat&#8221; width=&#8221;90%&#8221; min_height=&#8221;418.8px&#8221; custom_margin=&#8221;|auto||auto|false|false&#8221; custom_padding=&#8221;25px|||0px|false|false&#8221; global_colors_info=&#8221;{}&#8221;][et_pb_column type=&#8221;4_4&#8243; _builder_version=&#8221;4.16&#8243; custom_padding=&#8221;|||&#8221; global_colors_info=&#8221;{}&#8221; custom_padding__hover=&#8221;|||&#8221;][et_pb_text _builder_version=&#8221;4.20.4&#8243; _module_preset=&#8221;default&#8221; text_line_height=&#8221;1.8em&#8221; header_line_height=&#8221;2em&#8221; custom_padding=&#8221;|||0px||&#8221; global_colors_info=&#8221;{}&#8221;]<\/p>\n<p><strong>Born on December 6, 1964, Tallinn, Estonia<\/strong><\/p>\n<p><strong><\/strong><\/p>\n<p><strong>Education:<\/strong><\/p>\n<p>1977 \u2013 1979 Children\u2019s Art School, Tallinn<\/p>\n<p>1981 \u2013 1983 Kopli Kunstikool, Tallinn<\/p>\n<p>\u00a01982 \u2013 1983 Kivihall School of Calligraphic Art, Tallinn<\/p>\n<p>\u00a01985 \u2013 1992 Estonian Academy of Arts, graphic fine arts (MA)<\/p>\n<p>&nbsp;<\/p>\n<p><strong>Membership:<\/strong><\/p>\n<p>1992 Association of Estonian Printmakers<\/p>\n<p>1992 Estonian Artists Association<\/p>\n<p>2009 Estonian Painter\u2019s Association<\/p>\n<p>&nbsp;<\/p>\n<p><strong>Awards:<\/strong><\/p>\n<p>\u00a02020 Eesti Pank. The competition to design a silver coin dedicated to Karl Akel, 3rd place<\/p>\n<p>2020 Police and Border Guard Board of Valga, art competition 1st place<\/p>\n<p>2019 Estonian Embassy in Moscow, art competition 1st place<\/p>\n<p>2017 Design Competition of \u201cBaltic 100\u201d; 2-Euro\u2019s Coin (2nd place)<\/p>\n<p>2016 Design Competition of Estonian Bank: Hanseatic Town of Tallinn, Golden Coin (3rd place)<\/p>\n<p>2016 Design Competition of Estonian Bank: Hanseatic Town of Tallinn, Silver Coin (2nd place)<\/p>\n<p>2015\u00a0 Estonian Bank Competition \u201cThe Collector Coin Dedicated to Jaan Poska\u201c, 1st and 4th place<\/p>\n<p>2015 Lessedra\u2019s 6th Painting and Mixed Media Competition, 3rd place<\/p>\n<p>2007\u00a0 Tokyo International Screen Print Biennale, Japan, 8th place<\/p>\n<p>1997\u00a0 AS Sadolin\u2019s Art Award<\/p>\n<p>&nbsp;<\/p>\n<p><strong>Solo Exhibitions (selection):<\/strong><\/p>\n<p>2025 \u201cTime of Illusions\u201d 04.03\u201329.03 Allee Gallery, Tallinn, Estonia<\/p>\n<p>2024 \u201cCollages. Mall Nukke Jubilee Exhibition\u201d 14.11.24\u201304.01.25 Haus Gallery, Tallinn, Estonia<\/p>\n<p>2024 \u201cElementa II\u201d 28.11\u201321.12 Gallery Truus, Tallinn, Estonia<\/p>\n<p>2023 \u201cNew Icons\u201c, 01.11\u201302.12, Artrovert Gallery, Tallinn<\/p>\n<p>2022 \u201cPlasticum\u201c, 16.09\u201311.10, Katariina Gallery, Helsinki, Finland<\/p>\n<p>2022 \u201cElementa\u201c, 25.06\u201329.07, Kuressaare Rae Gallery, Saaremaa, Estonia<\/p>\n<p>2021 \u201cEarthly Border\u201c, 02.11\u201320.11, Draakon Gallery, Tallinn, Estonia<\/p>\n<p>2021 \u201cAIR\u201c, 02.09\u201325.09, Nelja Nurga Gallery, K\u00e4rdla, Estonia<\/p>\n<p>2020 \u201cIDOLS and Fine Forms\u201c, 11.10\u201311.11, Art&amp;Tonic Gallery, Tartu, Estonia<\/p>\n<p>2019 \u201cRock &amp; Water. Mall Nukke\u2019s paintings 2016\u20132019\u201c, 10.07-10.08. Staapli 3 Art Gallery, Tallinn, Estonia<\/p>\n<p>2019 \u201cMetamorphoses. Mall Nukke\u2019s jubilee exhibition\u201c, 6.12.2019\u201304.01.2020. Haus Gallery, Tallinn, Estonia<\/p>\n<p>2018 \u201cRock &amp; Water, Mall Nukke\u2019s Paintings\u201c<span class=\"Apple-converted-space\">\u00a0\u00a0<\/span>Ruhnu Culture, Eesti<\/p>\n<p>2017 \u201cThreeColourGames\u201c Haus Gallery, Tallinn, Estonia<\/p>\n<p>2015 \u201cElasticum\u201c Mall Nukke\u2019s Drawing in Vabaduse Gallery, Tallinn, Estonia<\/p>\n<p>2014 \u201cWo-Matter\u201c Mall Nukke Drawing in Haapsalu\u2019s City Gallery, Estonia<\/p>\n<p>2013 \u201cManias\u201c in Tallinn\u2019s Art Hall Gallery, Estonia<\/p>\n<p>2013 \u201cManias II\u201c in Museum\/Art Gallery in P\u00e4rnu, Estonia<\/p>\n<p>2012 \u201cArt of Mall Nukke\u201c Cruselli Cultural Center, Uusikaupunki, Finland<\/p>\n<p>2011 \u201cUrban Mystic 2\u201c Tartu\u2018s Art Hall Little Gallery, Estonia<\/p>\n<p>2011 \u201cUrban Mystic\u201c Hobusepea Gallery, Tallinn, Estonia<\/p>\n<p>2010 \u201cMoney Faces 2\u201d Gallery of Parliament of Estonia, Tallinn<\/p>\n<p>2010 \u201cMoney Faces\u201d Haus Gallery, Tallinn, Estonia<\/p>\n<p>2009 \u201cCollages 1993\u2013 2009\u201d Artdepoo Gallery, Estonia<\/p>\n<p>2008 \u201cRotation\u201c Gallery 008, Tallinn, Estonia<\/p>\n<p>2007 \u201cPossibilities II\u201d Artdepoo Gallery, Estonia<\/p>\n<p>2006 \u201cPossibilities\u201d P\u00e4rnu\u2018s City Gallery, Estonia<\/p>\n<p>2005 \u201cUrban III\u201d P\u00e4rnu`s Theatre Gallery, P\u00e4rnu, Estonia<\/p>\n<p>2004 \u201cIcons\u201d Chapelle Saint-Anne, Saint-Pair-sur-Mer, France<\/p>\n<p>2004 \u201cIcon\u201d Estonian Embassy in Vilnius, Lithuania<\/p>\n<p>2004 \u201cIcon 2004\u201d Haus Gallery, Tallinn, Estonia<\/p>\n<p>2004 \u201cUrbans II\u201d Estonian Art Academy gallery, Tallinn, Estonia<\/p>\n<p>2003 \u201cUrbans\u201d P\u00e4rnu`s Theatre Gallery, P\u00e4rnu, Estonia<\/p>\n<p>2003 \u201cEstonian Gold\u201c SEB Bank Gallery, Tallinn, Estonia<\/p>\n<p>2003 \u201cModern Icon\u201d Baroti Gallery, Klaipeda, Lithuania<\/p>\n<p>2003 \u201cMap Tricks\u201d Estonian Embassy gallery in Helsinki Galerii, Finland<\/p>\n<p>2002 \u201cModern Icon\u201d Lawra Gallery, Kiev, Ukraina<\/p>\n<p>2002 \u201cHuman &amp; Relicts\u201d Turtle Gallery, Viljandi, Estonia<\/p>\n<p>2002 \u201cReturn to Parnassos\u201d Haapsalu Town Gallery, Haapsalu, Estonia<\/p>\n<p>2002 \u201c20 IKOONI 02\u201d Gallery of Parliament of Estonia, Tallinn<\/p>\n<p>2002 \u201c24 Iconical Moments\u201d, Estonian Art Academy Gallery, Tallinn<\/p>\n<p>2001 \u201cModern Icons\u201d ZDH, Moscow, Russia<\/p>\n<p>2001 \u201cIcons 2001\u201c Estonian Embassy in Riga, Latvia<\/p>\n<p>2000 \u201cEstonian Egos\u201c City Gallery, Tallinn, Estonia<\/p>\n<p>2000 \u201cIcons 2000\u201c Sammas Gallery, Tallinn, Estonia<\/p>\n<p>1998 \u201ePlaytime\u201c Vaal Gallery, Tallinn, Estonia<\/p>\n<p>1995 \u201cIdols III\u201c Gallery of Tallinn Art Hall, Tallinn, Estonia<\/p>\n<p>1994 \u201cIdols II\u201c Sammas Gallery, Tallinn, Estonia<\/p>\n<p>1994 \u201cDrawings\u201c Hannelose Greve Gallery, Hamburg, Germany<\/p>\n<p>1993 \u201cIdols I\u201c Vaal Gallery, Tallinn,Estonia<\/p>\n<p>1992 \u201cAbstract Landscapes\u201c Suomi Gallery, Stockholm, Sweden<\/p>\n<p>&nbsp;<\/p>\n<p><strong>Group Exhibitions (selection):<\/strong>\u00a0<\/p>\n<p>2024 \u201cSpring Exhibition 2024\u201c, 01.06\u201328.07, Tallinn Art Hall Lasnam\u00e4e Pavilion<\/p>\n<p>2022 \u201c7 Artists\u201d 29.07\u201328.08. Curators Mall Nukke ja Tiiu Rebane. Tartu Art House, Estonia<\/p>\n<p>2022 EAA 22. Annual Exhibition \u201cSpring Exhibition\u201d 20.06 \u2013 14.08. Tallinna Art Hall, Estonia<\/p>\n<p>2022 \u201cM\u00e4ndfullness\u201d 07.05 \u2013 26.06. Curator Siim Preiman. Vana-V\u00f5romaa Kultuurikoja galeriis<\/p>\n<p>2020 \u201cPause\u201d 27.11.2020\u201324.01.2021 Vana-V\u00f5romaa Museum and Art Gallery\u00a0(curators Jaana Huul, Stella M\u00f5ttus)<\/p>\n<p>2020 \u201cWoman.Substitute body\u201c, 6.-23.10. (curators Leila L\u00fckko, Tiiu Rebane)\u00a0Gallery Noorus, Tartu.<\/p>\n<p>2020 EAA \u201cSpring Exhibition 2020\u201d 12.06\u201312.07.2020, Tallinn\u2019s Art Hall, Estonia<\/p>\n<p>2020 EAA \u201cSpring Exhibition 2020. Artist Painting Artists\u201d 21.05\u201305.07.2020, Art Hall Gallery, Tallinn, Estonia<\/p>\n<p>2020 EPA Annual Exhibition \u201cGlobal &amp; Local\u201d 14.02\u201331.05.2020 P\u00e4rnu\u2019s Contemporary Art Museum, Estonia<\/p>\n<p>2020 Painting Exhibition with J\u00fcri Kask, Estonian Embassy of Moscow. Russia<\/p>\n<p>2019 \u201cAnnual Exhibition of Tartu Art\u201c Tartu Art House, Estonia 20.12.2019\u201319.01.2020<\/p>\n<p>2019 EPA Annual Exhibition \u201cNude Painting\u201d Haus Gallery, Tallinn, Estonia<\/p>\n<p>2019 \u201cTwo in One\u201d (with R.-M. Soonseinaga) Artdepoo Gallery, Tallinn, Estonia<\/p>\n<p>2019 EPA Annual Exhibition \u201cReality &amp; Ideal\u201d 2019, 02.03 \u2013 21.04. 2019, P\u00e4rnu\u2019s Contemporary Art Museum, Estonia<\/p>\n<p>2019 EAA 19. Annual Exhibition 27.04.\u201309.06.2019 Tallinn\u2019s Art Hall, Estonia<\/p>\n<p>2018 \u201cLiving Space\u201c (curated by Katrin Repnau, Bernadette Pilli) Red Gallery, Melbourne, Australia<\/p>\n<p>2018 \u201cJubilee Spring 2018\u201c Tallinn Art Hall, Estonia<\/p>\n<p>2018 \u201cP\u00e4rnu Kunstisuvi Alice In Wonderland\u201c (curator Eveli Varik) P\u00e4rnu City Gallery, Estonia<\/p>\n<p>2018 \u201cESTONIA 100 in Latvia\u201c (curator Inga Heam\u00e4gi) Mark Rothko Art Center, Daugavpils, Latvia<\/p>\n<p>2018 \u201cEST, Estonian Painter\u2019s Association Annual Exhibition\u201c (curator Mall Nukke) Haus Gallery Tallinn<\/p>\n<p>2017 \u201c3 TO ONE\u201c(curated by Eveli Varik) P\u00e4rnu\u2019s City Galleryi, Estonia<\/p>\n<p>2017 \u201c30 Colourful Years. The Sadolin Art Collection\u201c Mikkel Museum, Tallinn, Estonia<\/p>\n<p>2017 \u201cJust n\u00fc\u00fcd\/ Right Now\u201c Estonian Painters Assotiation Annual exhibition, Contemporary Art Museum, P\u00e4rnu, Estonia<\/p>\n<p>2016 \u201cMight and Pain. Works from Margus Punab\u2019s Collection\u201c Mikkel Museum, Tallinn, Estonia<\/p>\n<p>2016 \u201cMasculine Existentialism. Margus Punab Art Collection\u201c Nooruse Gallery, Tartu, Estonia<\/p>\n<p>2016 \u201cWhite Water\u201c (curated by Saskia Kase) Haus Gallery, Tallinn, Estonia<\/p>\n<p>2016 \u201c1091\u201d (curated by Mauri Gross) Vaal Gallery, Tallinn, Estonia<\/p>\n<p>2016 \u201cRespectacel\u201c (curated by Rait Pr\u00e4\u00e4ts, Sirje Eeslma) P\u00e4rnu\u2019s Art House, Estonia<\/p>\n<p>2016 \u201cLabyrinth\u201c (curated by Eveli Varik) P\u00e4rnu\u2019s City Galleryi, Estonia<\/p>\n<p>2016 \u201cSea\u201c (curated by Andres Raag) Art Museum of Viinistu, Estonia<\/p>\n<p>2016 International Art Exhibition \u201cNordArt 2016\u201c Kunstwerk Carlsh\u00fctte, B\u00fcdelsdorf, Germany<\/p>\n<p>2016 \u201cChanging and Unchangeable\u201d, Estonian Modern Painting, Museum of New Art, P\u00e4rnu, Estonia<\/p>\n<p>2016 The EAA 16. Annual Exhibition \u201cSpring Exhibition\u201c Tallinn\u2019s Art Hall, Estonia<\/p>\n<p>2016 \u201cBaltic Drawing Exhibition\u201c Kultuuritalo Virta, Imatra, Finland<\/p>\n<p>2016 \u201cTallinn makes Tartu\u201d Jakob\u2019s Gallery, Tartu, Estonia<\/p>\n<p>2016 \u201cTallinn\u2019s Days In St. Petersburg\u201d St. Petersburg State Academic Capella, Russia<\/p>\n<p>2015 Estonian Painter\u2019s Assotiation\u2019s exhibition \u201ePainting as Whale\u201c Vaal Gallery, Estonia<\/p>\n<p>2015 Summer Exhibition \u201cMaster &amp; Margarita\u201c Museum\/Art Gallery in P\u00e4rnu, Estonia<\/p>\n<p>2015 The EAA 15. Annual Exhibition \u201cSpring Exhibition\u201c Tallinn\u2019s Art Hall, Estonia<\/p>\n<p>2014 The EAA 14. Annual Exhibition \u201cSpring Exhibition\u201c in Tallinn Art Hall, Estonia<\/p>\n<p>2014 \u201cPlein Air\u201c Art Camp in Saaremaa, Estonia<\/p>\n<p>2014 The Exhibition of Lithuanian, Latvian, Estonian Artist\u2019s Associations \u201cKelias\/ Cel\u0161\/ Kett\u201c in Estonian, Latvian, Lithuanian Galleries<\/p>\n<p>2014 Estonian Photographic Art Fair in Telliskivi Loomelinnak, Tallinn, Estonia<\/p>\n<p>2014 9. International Biennal of Drawing Pilsen 2014, Pilsen, Czech Republic<\/p>\n<p>2014 Estonian Painter\u2019s Association Exhibition \u201c30 x 40\u201c in Haus Gallery, Tallinn, Estonia<\/p>\n<p>2014 \u201cLiving Classic\u201c in Museum\/Art Gallery in P\u00e4rnu, Estonia<\/p>\n<p>2013 \u201cNordArt 2013\u201c Kunstwerk Carlsh\u00fctte, B\u00fcdelsdorf, Germany<\/p>\n<p>2013 \u201cDrawing \u2013 Freedom\u201c in Tartu\u2019s Art House Monumental Gallery, Estonia<\/p>\n<p>2013 \u201cGeld Macht Gier\u201c Kunstifestival \u201cRe-Culture 2\u201c Patras, Greece<\/p>\n<p>2013 Estonian Painter\u2019s Association Exhibition \u201cM\u201c in Vaal Gallery, Tallinn, Estonia<\/p>\n<p>2013 The EAA 13. Annual Exhibition \u201cSpring Exhibition\u201c in Tallinn Art Hall, Estonia<\/p>\n<p>2012 The 3th of International Minsk\u2019s Biennale \u201cColorfest\u201c, Belarus<\/p>\n<p>2012 \u201cCollection of Desires. Privatized Art\u201c in Contemporary Art Museum Estonia<\/p>\n<p>2012 \u201cExhibition of the Estonian Painter\u2019s New Creation\u201c Museum of Contemporary Art, P\u00e4rnu, Eesti<\/p>\n<p>2012 The EAA 12. Annual Exhibition \u201cSpring Exhibition\u201c in Tallinn Art Hall, Estonia<\/p>\n<p>2011 \u201cArtist and City\u201c ZDH, Moskow, Russia<\/p>\n<p>2011 \u201cAbstract\u201c EAA 11. Annual Exhibition, Tallinn\u2019s Art Hall, Estonia<\/p>\n<p>2011 \u201cWhat You can do with white color?\u201c Vaal Gallery, Tallinn, Estonia<\/p>\n<p>2011 \u201cGolden City\u201c P\u00e4rnu\u2019s Contemporary Art Museum, Estonia<\/p>\n<p>2010 \u201cConvert!\u201d Rotermann\u2018s Salt Storage,Tallinn, Estonia<\/p>\n<p>2010 \u201cEstonia in Berlin\/Brandenburg\u201d Kunstverein Brieselang Gallery, Germany<\/p>\n<p>2010 \u201cPrinted Matter from Estonia\u201c Expo 2010, Shangai, China<\/p>\n<p>2010 \u201cConfrontations\u201c EAA 10. Annual Exhibition, Tallinn\u2019s Art Hall, Estonia<\/p>\n<p>2010 \u201cThe Last Painting\u201c Tartu Art Hall, Estonia<\/p>\n<p>2010 \u201cBlue\u201c P\u00e4rnu\u2019s Contemporary Art Museum, Estonia<\/p>\n<p>2009 \u201cWir aus Estland\u201c Gallery Melnikov, Heidelgerg, Germany<\/p>\n<p>2009 \u201cSelf-exposure\u201c EAA Annual Exhibition, Art Hall, Tallinn, Estonia<\/p>\n<p>2009 \u201cManu Propia\u201c International Drawing Biennale, Gallery Arium, Tallinn, Estonia<\/p>\n<p>2009 \u201cHaus-party\u201c Haus Gallery, Tallinn, Estonia<\/p>\n<p>2008 \u201cEstonian Printmaking\u201d Riga Museum of Foreign Art, Latvia<\/p>\n<p>2008 \u201cArt Summer\u201d Viinistu Art Museum, Estonia<\/p>\n<p>2008 \u201cVabaduse Square\u201c Art Hall, Tallinn, Estonia<\/p>\n<p>2007 Tokyo International Screen Print Biennale, Jaapan<\/p>\n<p>2007 \u201cImpact V\u201c International Graphic Exhibition, Rotermann Salt Storage, Estonia<\/p>\n<p>2007 \u201cThe Best Selection\u201c Tartu Art Hall, Estonia<\/p>\n<p>2007 \u201cEstonian Landscape\u201c Tartu Snail Tower, Estonia<\/p>\n<p>2007 \u201cThe Art of Living\u201c Art Hall, Tallinn, Estonia<\/p>\n<p>2006 \u201cCollected Crises\u201c KUMU, Estonia<\/p>\n<p>2006 \u201cTehnobia\u201c Art Hall, Tallinn, Estonia<\/p>\n<p>2005 \u201cNow Art Now Future\u201c Klaipeda, Lithuania<\/p>\n<p>2005 \u201cVII Biennale of graphics of the Baltic Countries\u201d Kaliningrad, Russia<\/p>\n<p>2005 \u201cIdentities\u201c Art Hall, Tallinn, Estonia<\/p>\n<p>2004 \u201cI &amp; Other\u201c Tallinn Art Hall, Estonia<\/p>\n<p>2003 \u201cDepending\/Dependness\u201d Tallinn Art Hall, Estonia<\/p>\n<p>2002 \u201cArtsummer Festival in Gotland\u201d Roma Art Gallery, Sweden<\/p>\n<p>2002 \u201cZDH Gallery Fair\u201d Dom Hudozhnikov, Moscow, Russia<\/p>\n<p>2002 \u201c100 Portraits\u201d Heidelberg\u2018s Castle, Germany<\/p>\n<p>2002 \u201cGotland Art Summer\u201d Roma Gallery, Gotland, Sweden<\/p>\n<p>2002 \u201cFour Artists\/ Drawings\u201d Estonian Art Academy Gallery, Tallinn<\/p>\n<p>2001 \u201cSidestep\u201c P\u00e4rnu City Gallery, Estonia<\/p>\n<p>2001 \u201cThe Manning\u201d Rotermann\u2018s Salt Storage, Tallinn, Estonia<\/p>\n<p>2000 \u201cArtist and God\u201d Tallinn Art Hall, Estonia<\/p>\n<p>2000 \u201cThe naturalism\u201d Gallery of Tallinn Art Hall, Estonia<\/p>\n<p>1999 \u201cM.O.O.D.\u201d Rotermann\u2018s Salt Storage,Tallinn, Estonia<\/p>\n<p>1998 Tallinn\u2018s XI Graphic Triennale , Rotermann\u2018s Salt Storage, Tallinn, Estonia<\/p>\n<p>1998 \u201cElectrokardiogramm\u201d Rotermann\u2018s Salt Storage, Tallinn, Estonia<\/p>\n<p>1997 \u201cWater. Color\u201d Rotermann\u2018s Salt Storage, Tallinn, Estonia<\/p>\n<p>1996 \u201cEstonia as Sign\u201d 4. Sorose KKK Annual Exhibition, Tallinn Art Hall, Estonia<\/p>\n<p>1996 \u201cSweet Home\u201d ArtGenda. \u00d8ksnehallen, Kopenhagen, Denmark<\/p>\n<p>1995 \u201cEstonian Printmaking\u201d Stadsgalerie. Gouda, Netherlands<\/p>\n<p>1994 \u201c14th International Triennial of Small Prints\u201d Taller Galereia Fort. Cadaque, Spain<\/p>\n<p>1994 \u201c3rd International Triennial of Small Prints\u201d Chamaliere, France<\/p>\n<p>1993 \u201c3rd Triennial of Small Prints\u201d Riga, Latvia<\/p>\n<p>1993 \u201c7th International Varna Printmaking Biennial\u201c Bulgaria<\/p>\n<p>1993 \u201cEstonian Art\u201d L\u00e4nsi-Keskus, Helsinki, Finland<\/p>\n<p>1991 \u201cPrintmaking Gallery Studio\u201d Rauma Art Museum, Rauma, Finland<\/p>\n<p>1990 \u201cPrintmaking Gallery Studio\u201d Estonian House, New York, USA<\/p>\n<p>&nbsp;<\/p>\n<p><strong>Monumental works:<\/strong><\/p>\n<p>2010 Patricu pub (Vana-Posti Str. In Tallinn, Estonia) panels<\/p>\n<p>2006 St. Patricu pub (\u201cFoorum\u201c, Narva mnt. 7 in Tallinn, Estonia) panneau \u201cIngel I-III\u201c<\/p>\n<p>2005 St. Patricu pub (Karja tn. In Tallinn, Estonia) panneau<\/p>\n<p>1997 \u201cHollywood II\u201d mural painting in Club Hollywood, Tallinn, Estonia<\/p>\n<p>1996 \u201cHollywood I\u201d mural painting in Club Hollywood, Tallinn, Estonia<\/p>\n<p>&nbsp;<\/p>\n<p><strong>Works in collection:<\/strong><\/p>\n<p>KUMU, Tartu\u2018s Art Museum, O\u00dc Sadolin\u2018s art collection (Estonia), Rauma City Museum (Finland), Viinistu Art Museum (Estonia), Vexi Salmi art collection (Finland), Nef Gallery (Kiev, Ukraina)<\/p>\n<p>&nbsp;<\/p>\n<p><strong>Films:<\/strong><\/p>\n<p>\u201cMall Nukke\u201d, Estonian Television, 1998<\/p>\n<p>&nbsp;<\/p>\n<p><strong>Inclusion in cataloques:<\/strong><\/p>\n<ul>\n<li>Foyer-Galerie des Opemhauses Halle 1993<\/li>\n<li>\u201cEstnische Graphik\u201c Hallescher Kunstverein E.V. 1993<\/li>\n<li>International Print Biennale Varna 1993<\/li>\n<li>Troisieme Triennale Mondiale D\u2019Estampes Petit Format Chamalieres Auvergne France. 1994<\/li>\n<li>15e Mini Print International De Cadaques 1995<\/li>\n<li>Estfem. Eesti feministiiku kunsti n\u00e4itus, Vaal Galerii, Linnagalerii, Mustpeade Galerii. Tallinn, 1995<\/li>\n<li>Xth Vilnius Painting Triennial 1996. The Contemporary Art Center of Vilnius<\/li>\n<li>Artgenda 96. Copenhagen 96, cultural capital of Europe.<\/li>\n<li>\u201cIIllustratiors Handwrites \u201896\u201d, Valik Eesti disainerite, graafikute ja illustraatorite k\u00e4ekirju. Muldia, 1996<\/li>\n<li>\u201cEstonia as Sign\u201d The Contemporary Art Center of Soros\u2019 4. Annual Exhibition 1996<\/li>\n<li>\u201cColor of Art\u201c ES Sadolin AS 2002<\/li>\n<li>Tallinn XI Print Triennal,1998<\/li>\n<li>\u201cShape and Form\u201d Tallinn,2000<\/li>\n<li>\u201cThe Arrogant Nineteens\u201d S. Helme, J. Saar 2001<\/li>\n<li>\u201cSotheby\u2019s International Young Art\u201d Tel Aviv 2001<\/li>\n<li>\u201cZDH 2002\u201d Moscow 2002<\/li>\n<li>\u201cQuard l\u2019Art\u2019 Change la Baie\u201d Normandie 2004<\/li>\n<li>\u201cVII Baltic Graphic Triennale\u201d Kaliningrad 2005<\/li>\n<li>\u201cNow Art Now Future\u201d Kaunas 2005<\/li>\n<li>6th Annual Exhibition of Estonian Artist Association. Tehnobia. 2006<\/li>\n<li>\u201cArt Annual Book\u201c P\u00e4rnu 2006<\/li>\n<li>\u201cThe Meanful City\u201c Tartu 2006<\/li>\n<li>\u201cEstonian Landscape\u201c Tartu 2007<\/li>\n<li>\u201cTokyo Screen Print Biennale\u201c Tokyo 2007<\/li>\n<li>Estonian Artists Association Annual Exhibition \u201eVabaduse Square\u201c Tallinn 2008<\/li>\n<li>\u201cThe cataloque of Estonian Lithographic Portfolio II\u201d Tallinn 2008<\/li>\n<li>\u201cMall Nukke. Collages\u201d Tallinn 2009<\/li>\n<li>\u201cConfrontations. EAA 10. Annual Exhibition\u201d Tallinn 2010<\/li>\n<li>\u201cAbstract. EAA 11. Annual Exhibition\u201d Tallinn 2011<\/li>\n<li>\u201cNordArt 2013\u201c Kunstwerk Carlsh\u00fctte, B\u00fcdelsdorf 2013<\/li>\n<li>\u201cKelias\/ Cel\u0161\/ Kett\u201c Vilnius 2014<\/li>\n<li>\u201c9. International Biennal of Drawing Pilsen 2014\u201d Pilsen 2014<\/li>\n<li>\u201cEstonian Photographic Art Fair\u201d Tallinn 2014<\/li>\n<li>\u201eNord Art 2016\u201c Kunstwerk Carlsh\u00fctte, B\u00fcdelsdorf 2016<\/li>\n<li>\u201cContemporary art from Estonia. Living Space\u201c Melbourne, Australia 2018<\/li>\n<li>\u201cJuubelikevad. Jubilee Spring 2018\u201c Tallinn 2018<\/li>\n<li>\u201cESTONIA 100 in Latvia\u201c\u00a0<span class=\"Apple-converted-space\">\u00a0\u00a0<\/span>Rothkocenter 2018<\/li>\n<li>Magazine\u201eCalliope\u201c N\u02da2, pages 31-33; 36, 42, 74; Port Townsend, Washington, USA<\/li>\n<li>Catalogue &#8220;Mall Nukke collages 2009\u20132024\u201d Tallinn 2024<\/li>\n<\/ul>\n<p>&nbsp;<\/p>\n<p><strong>Inclusion in books:<\/strong><\/p>\n<ul>\n<li>\u201cShort Estonian Art History\u201d S.Helme, J.Kangilaski 1999<\/li>\n<li>\u201cEstonian Artists II\u201d J.Saar , 2000<\/li>\n<li>\u201cThe Arrogant Nineteens\u201d S. Helme, J. Saar 2001<\/li>\n<li>\u201c60 Artists in Riigikogu Exhibition Hall\u201d Tallinn 2012<\/li>\n<li>\u201cMaskuliinne eksistentsialism. Kunst Margus Punabi kogust \/ Masculine Existentialism. Margus Punab Art Collection\u201c 2016<\/li>\n<\/ul>\n<p>[\/et_pb_text][\/et_pb_column][\/et_pb_row][\/et_pb_section]<\/p>\n","protected":false},"excerpt":{"rendered":"<p>Born on December 6, 1964, Tallinn, Estonia Education: 1977 \u2013 1979 Children\u2019s Art School, Tallinn 1981 \u2013 1983 Kopli Kunstikool, Tallinn \u00a01982 \u2013 1983 Kivihall School of Calligraphic Art, Tallinn \u00a01985 \u2013 1992 Estonian Academy of Arts, graphic fine arts (MA) &nbsp; Membership: 1992 Association of Estonian Printmakers 1992 Estonian Artists Association 2009 Estonian Painter\u2019s [&hellip;]<\/p>\n","protected":false},"author":1,"featured_media":0,"parent":0,"menu_order":0,"comment_status":"closed","ping_status":"closed","template":"","meta":{"_et_pb_use_builder":"on","_et_pb_old_content":"","_et_gb_content_width":"","footnotes":""},"class_list":["post-2220","page","type-page","status-publish","hentry"],"_links":{"self":[{"href":"https:\/\/mallnukke.ee\/en\/wp-json\/wp\/v2\/pages\/2220","targetHints":{"allow":["GET"]}}],"collection":[{"href":"https:\/\/mallnukke.ee\/en\/wp-json\/wp\/v2\/pages"}],"about":[{"href":"https:\/\/mallnukke.ee\/en\/wp-json\/wp\/v2\/types\/page"}],"author":[{"embeddable":true,"href":"https:\/\/mallnukke.ee\/en\/wp-json\/wp\/v2\/users\/1"}],"replies":[{"embeddable":true,"href":"https:\/\/mallnukke.ee\/en\/wp-json\/wp\/v2\/comments?post=2220"}],"version-history":[{"count":0,"href":"https:\/\/mallnukke.ee\/en\/wp-json\/wp\/v2\/pages\/2220\/revisions"}],"wp:attachment":[{"href":"https:\/\/mallnukke.ee\/en\/wp-json\/wp\/v2\/media?parent=2220"}],"curies":[{"name":"wp","href":"https:\/\/api.w.org\/{rel}","templated":true}]}}